{"id":2369,"date":"2014-03-12T08:51:12","date_gmt":"2014-03-12T08:51:12","guid":{"rendered":"https:\/\/www.divcibare.org.rs\/en\/?page_id=2369"},"modified":"2021-11-18T12:48:38","modified_gmt":"2021-11-18T11:48:38","slug":"useful-resources","status":"publish","type":"page","link":"https:\/\/www.divcibare.org.rs\/en\/useful-resources\/","title":{"rendered":"Useful Resources"},"content":{"rendered":"<p>On this page you can find some useful resources from the internet in the area of tourism and travel transport and some other information that can be of use for you if you plan to come to Divcibare mountain.<\/p>\n<p><\/p>\n<p>Linkovi turizam jeste strana sa linkovima iz oblasti turizma na kojoj \u0107e biti prikazani turisti\u010dki sajtovi kako sa Div\u010dibara tako i iz cele Srbije. Sme\u0161taj vile hoteli apartmani, linkovi sajtova turisti\u010dkih mesta, banja, planina kao i svi drugi relevantni sajtovi vezani za delatnost turizma.<\/p>\n<p><a href=\"https:\/\/www.banjavrujci.info\" target=\"_blank\" rel=\"noopener noreferrer\">Banja Vrujci smestaj<\/a> &#8211; Turisti\u010dki internet portal <a href=\"https:\/\/www.vrujci.org\" target=\"_blank\" rel=\"noopener noreferrer\">Banje Vrujci<\/a> i okoline sa mno\u0161tvom informacija o banji, lekovitim svojstvima banje, bazenima u <a href=\"https:\/\/www.banjavrujci.eu\" target=\"_blank\" rel=\"noopener noreferrer\">Banji Vrujci<\/a> i ponudi sme\u0161taja u hotelima i apartmanima. Sadr\u017ei galeriju fotografija, virtuelnu \u0161etnju kroz banju i detaljan opis vila soba i drugog privatnog sme\u0161taja.<\/p>\n<p>Dobrodo\u0161li u <a href=\"https:\/\/www.banja-vrujci.net\" target=\"_blank\" rel=\"noopener noreferrer\">Banju Vrujci<\/a> pogledajte ponudu privatnog sme\u0161taja i apartmana za letnju sezonu <a href=\"https:\/\/www.banja-vrujci.co.rs\" target=\"_blank\" rel=\"noopener noreferrer\">Banja Vrujci sme\u0161taj<\/a> 2020. Sav hotelski i <a href=\"https:\/\/www.banjavrujci.biz\" target=\"_blank\" rel=\"noopener noreferrer\">Banja Vrujci privatan sme\u0161taj<\/a> na jednom mestu.<\/p>\n<p><a href=\"https:\/\/www.banja-vrujci.net\" target=\"_blank\" rel=\"noopener noreferrer\"><img loading=\"lazy\" decoding=\"async\" src=\"https:\/\/www.divcibare.org.rs\/wp-content\/uploads\/2014\/03\/Banja-Vrujci.jpg\" alt=\"Banja-Vrujci\" width=\"305\" height=\"126\" class=\"aligncenter size-full wp-image-3517\" \/><\/a><\/p>\n<p><a href=\"https:\/\/www.optimizacijasajta.org\" target=\"_blank\" rel=\"noopener noreferrer\">Seo optimizacija sajta<\/a> za Google i ostale web pretra\u017eiva\u010de Beograd, Srbija. Profesionalna optimizacija web sajtova po poslednjim standardima i algoritmima koje Google nala\u017ee.<\/p>\n<p><a href=\"https:\/\/www.optimizacijasajta.org\" target=\"_blank\" rel=\"noopener noreferrer\"><img loading=\"lazy\" decoding=\"async\" src=\"https:\/\/www.divcibare.org.rs\/wp-content\/uploads\/2016\/05\/seo-optimizacija-sajta.jpg\" alt=\"seo optimizacija sajta\" width=\"305\" height=\"100\" class=\"aligncenter\" \/><\/a><\/p>\n<p><a href=\"http:\/\/www.beogradnet.net\" target=\"_blank\" rel=\"noopener noreferrer\">www.beogradnet.net<\/a> &#8211; Beogradski internet portal, online adresar sadr\u017ei bazu pravnih lica i firmi sa teritorije Beograda sa opisima i linkovima.<\/p>\n<p><\/p>\n<p><a href=\"https:\/\/www.selidbe-stosic.com\" target=\"_blank\" rel=\"noopener noreferrer\">Selidbe<\/a> Beograd Sto\u0161i\u0107 je profesionalna <a href=\"https:\/\/www.prevoziselidbe.com\" target=\"_blank\" rel=\"noopener noreferrer\">agencija za selidbe Beograd<\/a>. Kamionski prevoz, <a href=\"https:\/\/www.selidbe-stosic.com\/kombi-prevoz\/\" target=\"_blank\" rel=\"noopener noreferrer\">kombi prevoz<\/a> i Beograd Srbija i inostranstvo, transport robe, prevoz stvari i name\u0161taja. <a href=\"https:\/\/www.prevoz011.rs\" target=\"_blank\" rel=\"noopener noreferrer\">Usluge selidbe Beograd cene<\/a> za sva\u010diji d\u017eep. <a href=\"https:\/\/www.kartonskekutije.com\" target=\"_blank\" rel=\"noopener noreferrer\">Kartonske kutije za selidbu<\/a> Beograd &#8211; Prodaja kartonskih kutija razli\u010ditih dimenzija, cene povoljne.<\/p>\n<p><a href=\"https:\/\/www.selidbe-stosic.com\" target=\"_blank\" rel=\"noopener noreferrer\"><img loading=\"lazy\" decoding=\"async\" src=\"https:\/\/www.divcibare.org.rs\/wp-content\/uploads\/2016\/05\/selidbe.jpg\" alt=\"selidbe\" width=\"300\" height=\"140\" class=\"aligncenter\" \/><\/a><\/p>\n<p><a href=\"https:\/\/www.prirodnikamen.org.rs\" target=\"_blank\" rel=\"noopener noreferrer\">Prirodni Kamen<\/a> &#8211; Internet portal prirodni kamen org rs sadr\u0107i mno\u0161tvo korisnih informacija o prirodnom kamenu, prodaji kamena, ugradnji kamena i prevozu prirodnog kamena.<\/p>\n<p><\/p>\n<p>Agencija za <a href=\"https:\/\/otkupautomobila-beograd.com\/\" target=\"_blank\" rel=\"noopener noreferrer\">otkup automobila Beograd<\/a> radi otkup poovnih vozila u Beogradu i Srbiji. Imamo puno iskustva sa otkupom automobila a kada je u pitanju otkup auta zainteresovani smo za <a href=\"https:\/\/otkupautomobilabeograd.com\/\" target=\"_blank\" rel=\"noopener noreferrer\">otkup polovnih automobila Beograd<\/a>, otkup automobila na kilo, otkup havarisanih vozila, otkup starih automobila, otkup automobila za delove, recikla\u017eu, otkup vozila sa stranim tablicama tj. otkup stranaca, otkup o\u0161te\u0107enih automobila, <a href=\"http:\/\/otkupmotora.rs\/\" target=\"_blank\" rel=\"noopener noreferrer\">otkup motora i skutera<\/a>, kamiona, d\u017eipova, oldtajmera, otkup automobila bez papira, pikap vozila, <a href=\"http:\/\/otkupkombija.rs\/\" target=\"_blank\" rel=\"noopener noreferrer\">otkup kombija<\/a> kao i otkup svih drugih tipova vrsta i marki motornih vozila i polovnih automobila. Kada su u pitanju polovni automobili u Beogradu, pored toga izvr\u0161avamo i <a href=\"https:\/\/otkupautomobila-novisad.com\/\" target=\"_blank\" rel=\"noopener noreferrer\">otkup automobila Novi Sad<\/a> u Vojvodini, prelep grad o kome je suvi\u0161no tro\u0161iti re\u010di, ali ako Vam zatrebaju <a href=\"http:\/\/www.selidbe-novisad.com\/\" target=\"_blank\" rel=\"noopener noreferrer\">selidbe Novi sad<\/a> ima agenciju za selidbe koja \u0107e iza\u0107i u susret svim Va\u0161im zahtevima. \u0160to se ti\u010de \u0160umadije za tu je zadu\u017eeno na\u0161e predstavni\u0161tvo u \u010ca\u010dku bilo da se u potrazi za firmom koja radiselidbe \u010ca\u010dak ili se pak radi prodaja automobila i \u017eelite da prodate svoj stari polovni automobil. U tom slu\u010daju kontaktirajte na\u0161e predstavni\u0161tvo za <a href=\"https:\/\/otkupautomobila-cacak.com\/\" target=\"_blank\" rel=\"noopener noreferrer\">otkup automobila Cacak<\/a><\/p>\n<p><\/p>\n<p><a href=\"https:\/\/otkupautomobila-beograd.com\" target=\"_blank\" rel=\"noopener noreferrer\"><img loading=\"lazy\" decoding=\"async\" src=\"https:\/\/www.divcibare.org.rs\/wp-content\/uploads\/2020\/04\/otkupautomobilabeograd.jpg\" alt=\"otkup automobila beograd\" width=\"300\" height=\"122\" class=\"aligncenter size-full wp-image-4636\" \/><\/a><\/p>\n<p>Ako je u pitanju <a href=\"https:\/\/www.polovniautomobili.com\/otkup-automobila-beograd\" target=\"_blank\" rel=\"noopener noreferrer\">OTKUP AUTOMOBILA BEOGRAD<\/a> stvarno ima mno\u0161tvo firmi agencija auto placeva ali i pojedinaca koje rade otkup vozila. Za otkup polovnih vozila u Beogradu nakon va\u0161eg poziva sti\u017eemo kod vas na va\u0161u ku\u0107nu adresu u roku od 30 minuta, radimo besplatnu procenu automobila i drugih tipova i vrsta vozila i kada se dogovorimo sve u vezi va\u0161eg polovnog automobila isplata u ke\u0161u na licu mesta istoga dana se podrazumeva. Trudimo se da za otkup automobila cene budu korektne i konkurentne koliko je to mogu\u0107e. Kada je u pitanju <a href=\"https:\/\/otkup-vozila.net\/\" target=\"_blank\" rel=\"noopener noreferrer\">otkup vozila Beograd<\/a> pokrivamo sve beogradske op\u0161tine &#8211; Novi Beograd, \u010cukarica, Rakovica, Savski Venac, Stari Grad, Palilula, Vra\u010dar, Vo\u017edovac, Zvezdara, Zemun, Sur\u010din, Sopot, Obrenovac, Mladenovac, Lazarevac, Grocka, Barajevo.<\/p>\n<p><\/p>\n<p><a href=\"https:\/\/otkupautomobilabeograd.com\" target=\"_blank\" rel=\"noopener noreferrer\"><img loading=\"lazy\" decoding=\"async\" src=\"https:\/\/www.divcibare.org.rs\/wp-content\/uploads\/2020\/04\/otkupautomobilabeograd1.jpg\" alt=\"otkupa vozila beograd\" width=\"300\" height=\"149\" class=\"aligncenter size-full wp-image-4637\" \/><\/a><\/p>\n<p>Krajevi za otkup auta Beograd: Dor\u0107ol, Dedinje, Senjak, Mirijevo, Vo\u017edovac, Banjica, Konjarnik, \u010cukarica, Banovo Brdo, Rakovica, Karaburma, Zvezdara, Du\u0161anovac, Vra\u010dar, Crveni Krst, Palilula, Zeleni venac, centar, <a href=\"https:\/\/www.selidbeiprevoz.rs\/\" target=\"_blank\" rel=\"noopener noreferrer\">selidbe Novi Beograd<\/a>, Zemun, Bele Vode, \u017deleznik, Srem\u010dica, \u017darkovo, \u010cubura, Ju\u017eni Bulevar, Autokomanda, Avala, Du\u0161anovac, Bra\u0107e Jerkovi\u0107, Kumodra\u017e, Medakovi\u0107, \u0160umice, Ripanj, Tro\u0161arina, Prokop, Sarajevska, Top\u010dider, Labudovo Brdo, Kanarevo Brdo, Miljakovac, Resnik, Petlovo Brdo, Ko\u0161utnjak, Vidikovac, Bor\u010da, Ov\u010da, Kote\u017e, Krnja\u010da, Padinska Skela, Vi\u0161nji\u010dka Banja, Bari\u010d, Mo\u0161tanica, Be\u017eanija, Be\u017eanijska Kosa, Merkator, Arena, Blokovi, Belvil, Delta city, Sava Centar, Staro Sajmi\u0161te, Studentski Grad, To\u0161in Bunar, U\u0161\u0107e, Paviljoni, Op\u0161tina Novi Beograd, Arena, Fontana, Airport City, Bole\u010d, Kalu\u0111erica, Le\u0161tane, Ritopek, Vin\u010da, Vr\u010din. Obratite na se za otkup polovnih vozila u Beogradu, mi smo firma od poverenja a za otkup automobila cene koje mi nudimo nigde drugde ne\u0107ete prona\u0107i.<\/p>\n<p><\/p>\n<p><a href=\"https:\/\/otkup-automobila.com\" target=\"_blank\" rel=\"noopener noreferrer\"><img loading=\"lazy\" decoding=\"async\" src=\"https:\/\/www.divcibare.org.rs\/wp-content\/uploads\/2020\/04\/otkupautomobilabeograd2.jpg\" alt=\"otkupautomobilabeograd2\" width=\"300\" height=\"126\" class=\"aligncenter size-full wp-image-4638\" \/><\/a><\/p>\n<p><\/p>\n<p>Planinarenje za neupu\u0107ene &#8211; Saznajte mno\u0161tvo lepih i korisnih informacija o planinama Srbije na jednom mestu na www.planine.net.<\/p>\n<p><a href=\"http:\/\/www.planine.net\/srbija\/\"><img loading=\"lazy\" decoding=\"async\" src=\"https:\/\/www.divcibare.org.rs\/wp-content\/uploads\/2014\/03\/planine.net_.jpg\" alt=\"planine.net - Planinarenje za neupu\u0107ene\" width=\"191\" height=\"189\" class=\"aligncenter size-full wp-image-3521\" \/><\/a><\/p>\n<p><a href=\"http:\/\/www.kolubarskiokrug.com\" target=\"_blank\" rel=\"noopener noreferrer\">www.kolubarskiokrug.com<\/a> &#8211; Informativni portal kolubarskog okruga i direktorijum sa adresama, telefonima i drugim informacijama kada su u pitanju gradovi i mesta u kolubarskom okrugu &#8211; Valjevo, Ub, Mionica, Divcibare, Ljig, Banja Vrujci, Lajkovac, Ose\u010dina.<\/p>\n<p><a href=\"http:\/\/www.turizam.autentik.net\" target=\"_blank\" rel=\"noopener noreferrer\">www.turizam.autentik.net<\/a> &#8211; Turizam u Jagodini, \u0106upriji i Para\u0107inu, Sme\u0161tajni Kapaciteti (Apartmani, Hoteli, Hosteli), Akva Park Jagodina, Zoo Vrt Jagodina, Muzej Vo\u0161tanih Figura Jagodina, Muzej Naive Jagodina, Zavi\u010dajni Muzej Jagodina \u0106uprija Para\u0107in. Sve informacija o ova tri grada na jednom mestu. Posetite na\u0161 sajt.<\/p>\n<p><a href=\"http:\/\/www.planinatara.rs\" target=\"_blank\" rel=\"noopener noreferrer\">Planina Tara<\/a> je jedna od na\u0161ih najlep\u0161ih planina i svakako jedan od najprivla\u010dnijih predela Srbije. Pokrivena gustim \u010detinarskim i listopadnim \u0161umama, protkana pa\u0161njacima i livadama, ova lepotica planinskog sistema Srbije ali i celog kontinenta, svakako zaslu\u017euje epitet Kraljice planina.<\/p>\n<p><a href=\"http:\/\/www.planinatara.rs\" target=\"_blank\" rel=\"noopener noreferrer\"><img loading=\"lazy\" decoding=\"async\" src=\"https:\/\/www.divcibare.org.rs\/wp-content\/uploads\/2014\/03\/Planina-Tara.jpg\" alt=\"Planina Tara\" width=\"260\" height=\"88\" class=\"aligncenter size-full wp-image-3146\" \/><\/a><\/p>\n<p><a href=\"https:\/\/www.novagodina.rs\/\">Docek Nove godine u Beogradu<\/a>. Do\u010dek Nove Godine u Beogradu, sve najbolje ponude za Do\u010dek Nove 2022. godine kada su u pitanju splavovi, restorani, klubovi, kafi\u0107i prona\u0111ite na portalu Aladin.info.<\/p>\n<p><a href=\"https:\/\/www.banja-vrujci.org\/\">Banja Vrujci &#8211; apartmani, privatni sme\u0161taj, sobe, hoteli<\/a>. Ako nameravate da do\u0111ete u Banju Vrujci ovog leta, na sajtu banja-vrujci.org imate mogu\u017enost da prona\u0111ete apartman ili sobu u nekom od hotela ili da odaberete privatni sme\u0161taj u Banji Vrujci.<\/p>\n<p><a href=\"http:\/\/www.konacijankovic.com\" target=\"_blank\" rel=\"noopener noreferrer\">Etno vajati &#8220;Konaci Jankovi\u0107&#8221;<\/a> Konaci Jankovi\u0107 su pravi primer seoskog turizma Srbije i predstavljaju mesto za savr\u0161en odmor i relaksaciju u prirodi, a nalaze se u selu Mu\u0161i\u0107i kod Kosjeri\u0107a.<\/p>\n<p><a href=\"http:\/\/www.konacijankovic.com\" target=\"_blank\" rel=\"noopener noreferrer\"><img loading=\"lazy\" decoding=\"async\" src=\"https:\/\/www.divcibare.org.rs\/wp-content\/uploads\/2016\/02\/konaci_jankovic_musici_kosjeric.jpg\" alt=\"Konaci Jankovic Kosjeric\" width=\"305\" height=\"126\" class=\"aligncenter size-full wp-image-3940\" \/><\/a><\/p>\n","protected":false},"excerpt":{"rendered":"<p>On this page you can find some useful resources from the internet in the area of tourism and travel transport and some other information that can be of use for you if you plan to come to Divcibare mountain. Linkovi turizam jeste strana sa linkovima iz oblasti turizma na kojoj \u0107e biti prikazani turisti\u010dki sajtovi [&hellip;]<\/p>\n","protected":false},"author":1,"featured_media":0,"parent":0,"menu_order":0,"comment_status":"open","ping_status":"open","template":"","meta":{"footnotes":""},"yoast_head":"<title>Useful Resources - Divcibare Portal Mountain Divcibare<\/title>\n<meta name=\"description\" content=\"On this page you can find some useful resources from the internet in the area of tourism and travel transport and some other information that can be of\" \/>\n<meta name=\"robots\" content=\"index, follow, max-snippet:-1, max-image-preview:large, max-video-preview:-1\" \/>\n<link rel=\"canonical\" href=\"https:\/\/www.divcibare.org.rs\/en\/useful-resources\/\" \/>\n<meta property=\"og:locale\" content=\"en_US\" \/>\n<meta property=\"og:type\" content=\"article\" \/>\n<meta property=\"og:title\" content=\"Useful Resources - Divcibare Portal Mountain Divcibare\" \/>\n<meta property=\"og:description\" content=\"On this page you can find some useful resources from the internet in the area of tourism and travel transport and some other information that can be of\" \/>\n<meta property=\"og:url\" content=\"https:\/\/www.divcibare.org.rs\/en\/useful-resources\/\" \/>\n<meta property=\"og:site_name\" content=\"Divcibare Portal Mountain Divcibare\" \/>\n<meta property=\"article:publisher\" content=\"https:\/\/www.facebook.com\/Divcibare.Smestaj\" \/>\n<meta property=\"article:modified_time\" content=\"2021-11-18T11:48:38+00:00\" \/>\n<meta property=\"og:image\" content=\"https:\/\/www.divcibare.org.rs\/wp-content\/uploads\/2014\/03\/Banja-Vrujci.jpg\" \/>\n<meta name=\"twitter:card\" content=\"summary_large_image\" \/>\n<meta name=\"twitter:site\" content=\"@banjavrujci\" \/>\n<meta name=\"twitter:label1\" content=\"Est. reading time\" \/>\n\t<meta name=\"twitter:data1\" content=\"5 minutes\" \/>\n<script type=\"application\/ld+json\" class=\"yoast-schema-graph\">{\"@context\":\"https:\/\/schema.org\",\"@graph\":[{\"@type\":\"WebPage\",\"@id\":\"https:\/\/www.divcibare.org.rs\/en\/useful-resources\/\",\"url\":\"https:\/\/www.divcibare.org.rs\/en\/useful-resources\/\",\"name\":\"Useful Resources - Divcibare Portal Mountain Divcibare\",\"isPartOf\":{\"@id\":\"https:\/\/www.divcibare.org.rs\/en\/#website\"},\"primaryImageOfPage\":{\"@id\":\"https:\/\/www.divcibare.org.rs\/en\/useful-resources\/#primaryimage\"},\"image\":{\"@id\":\"https:\/\/www.divcibare.org.rs\/en\/useful-resources\/#primaryimage\"},\"thumbnailUrl\":\"https:\/\/www.divcibare.org.rs\/wp-content\/uploads\/2014\/03\/Banja-Vrujci.jpg\",\"datePublished\":\"2014-03-12T08:51:12+00:00\",\"dateModified\":\"2021-11-18T11:48:38+00:00\",\"description\":\"On this page you can find some useful resources from the internet in the area of tourism and travel transport and some other information that can be of\",\"breadcrumb\":{\"@id\":\"https:\/\/www.divcibare.org.rs\/en\/useful-resources\/#breadcrumb\"},\"inLanguage\":\"en-US\",\"potentialAction\":[{\"@type\":\"ReadAction\",\"target\":[\"https:\/\/www.divcibare.org.rs\/en\/useful-resources\/\"]}]},{\"@type\":\"ImageObject\",\"inLanguage\":\"en-US\",\"@id\":\"https:\/\/www.divcibare.org.rs\/en\/useful-resources\/#primaryimage\",\"url\":\"https:\/\/www.divcibare.org.rs\/wp-content\/uploads\/2014\/03\/Banja-Vrujci.jpg\",\"contentUrl\":\"https:\/\/www.divcibare.org.rs\/wp-content\/uploads\/2014\/03\/Banja-Vrujci.jpg\"},{\"@type\":\"BreadcrumbList\",\"@id\":\"https:\/\/www.divcibare.org.rs\/en\/useful-resources\/#breadcrumb\",\"itemListElement\":[{\"@type\":\"ListItem\",\"position\":1,\"name\":\"Divcibare\",\"item\":\"https:\/\/www.divcibare.org.rs\/en\/\"},{\"@type\":\"ListItem\",\"position\":2,\"name\":\"Useful Resources\"}]},{\"@type\":\"WebSite\",\"@id\":\"https:\/\/www.divcibare.org.rs\/en\/#website\",\"url\":\"https:\/\/www.divcibare.org.rs\/en\/\",\"name\":\"Divcibare Portal Mountain Divcibare\",\"description\":\"\",\"potentialAction\":[{\"@type\":\"SearchAction\",\"target\":{\"@type\":\"EntryPoint\",\"urlTemplate\":\"https:\/\/www.divcibare.org.rs\/en\/?s={search_term_string}\"},\"query-input\":{\"@type\":\"PropertyValueSpecification\",\"valueRequired\":true,\"valueName\":\"search_term_string\"}}],\"inLanguage\":\"en-US\"}]}<\/script>","yoast_head_json":{"title":"Useful Resources - Divcibare Portal Mountain Divcibare","description":"On this page you can find some useful resources from the internet in the area of tourism and travel transport and some other information that can be of","robots":{"index":"index","follow":"follow","max-snippet":"max-snippet:-1","max-image-preview":"max-image-preview:large","max-video-preview":"max-video-preview:-1"},"canonical":"https:\/\/www.divcibare.org.rs\/en\/useful-resources\/","og_locale":"en_US","og_type":"article","og_title":"Useful Resources - Divcibare Portal Mountain Divcibare","og_description":"On this page you can find some useful resources from the internet in the area of tourism and travel transport and some other information that can be of","og_url":"https:\/\/www.divcibare.org.rs\/en\/useful-resources\/","og_site_name":"Divcibare Portal Mountain Divcibare","article_publisher":"https:\/\/www.facebook.com\/Divcibare.Smestaj","article_modified_time":"2021-11-18T11:48:38+00:00","og_image":[{"url":"https:\/\/www.divcibare.org.rs\/wp-content\/uploads\/2014\/03\/Banja-Vrujci.jpg"}],"twitter_card":"summary_large_image","twitter_site":"@banjavrujci","twitter_misc":{"Est. reading time":"5 minutes"},"schema":{"@context":"https:\/\/schema.org","@graph":[{"@type":"WebPage","@id":"https:\/\/www.divcibare.org.rs\/en\/useful-resources\/","url":"https:\/\/www.divcibare.org.rs\/en\/useful-resources\/","name":"Useful Resources - Divcibare Portal Mountain Divcibare","isPartOf":{"@id":"https:\/\/www.divcibare.org.rs\/en\/#website"},"primaryImageOfPage":{"@id":"https:\/\/www.divcibare.org.rs\/en\/useful-resources\/#primaryimage"},"image":{"@id":"https:\/\/www.divcibare.org.rs\/en\/useful-resources\/#primaryimage"},"thumbnailUrl":"https:\/\/www.divcibare.org.rs\/wp-content\/uploads\/2014\/03\/Banja-Vrujci.jpg","datePublished":"2014-03-12T08:51:12+00:00","dateModified":"2021-11-18T11:48:38+00:00","description":"On this page you can find some useful resources from the internet in the area of tourism and travel transport and some other information that can be of","breadcrumb":{"@id":"https:\/\/www.divcibare.org.rs\/en\/useful-resources\/#breadcrumb"},"inLanguage":"en-US","potentialAction":[{"@type":"ReadAction","target":["https:\/\/www.divcibare.org.rs\/en\/useful-resources\/"]}]},{"@type":"ImageObject","inLanguage":"en-US","@id":"https:\/\/www.divcibare.org.rs\/en\/useful-resources\/#primaryimage","url":"https:\/\/www.divcibare.org.rs\/wp-content\/uploads\/2014\/03\/Banja-Vrujci.jpg","contentUrl":"https:\/\/www.divcibare.org.rs\/wp-content\/uploads\/2014\/03\/Banja-Vrujci.jpg"},{"@type":"BreadcrumbList","@id":"https:\/\/www.divcibare.org.rs\/en\/useful-resources\/#breadcrumb","itemListElement":[{"@type":"ListItem","position":1,"name":"Divcibare","item":"https:\/\/www.divcibare.org.rs\/en\/"},{"@type":"ListItem","position":2,"name":"Useful Resources"}]},{"@type":"WebSite","@id":"https:\/\/www.divcibare.org.rs\/en\/#website","url":"https:\/\/www.divcibare.org.rs\/en\/","name":"Divcibare Portal Mountain Divcibare","description":"","potentialAction":[{"@type":"SearchAction","target":{"@type":"EntryPoint","urlTemplate":"https:\/\/www.divcibare.org.rs\/en\/?s={search_term_string}"},"query-input":{"@type":"PropertyValueSpecification","valueRequired":true,"valueName":"search_term_string"}}],"inLanguage":"en-US"}]}},"_links":{"self":[{"href":"https:\/\/www.divcibare.org.rs\/en\/wp-json\/wp\/v2\/pages\/2369"}],"collection":[{"href":"https:\/\/www.divcibare.org.rs\/en\/wp-json\/wp\/v2\/pages"}],"about":[{"href":"https:\/\/www.divcibare.org.rs\/en\/wp-json\/wp\/v2\/types\/page"}],"author":[{"embeddable":true,"href":"https:\/\/www.divcibare.org.rs\/en\/wp-json\/wp\/v2\/users\/1"}],"replies":[{"embeddable":true,"href":"https:\/\/www.divcibare.org.rs\/en\/wp-json\/wp\/v2\/comments?post=2369"}],"version-history":[{"count":0,"href":"https:\/\/www.divcibare.org.rs\/en\/wp-json\/wp\/v2\/pages\/2369\/revisions"}],"wp:attachment":[{"href":"https:\/\/www.divcibare.org.rs\/en\/wp-json\/wp\/v2\/media?parent=2369"}],"curies":[{"name":"wp","href":"https:\/\/api.w.org\/{rel}","templated":true}]}}