{"id":2411,"date":"2014-03-12T13:02:56","date_gmt":"2014-03-12T13:02:56","guid":{"rendered":"https:\/\/www.divcibare.org.rs\/en\/?page_id=2411"},"modified":"2014-03-26T11:13:28","modified_gmt":"2014-03-26T10:13:28","slug":"monastery-lelic","status":"publish","type":"page","link":"https:\/\/www.divcibare.org.rs\/en\/divcibare\/surrounding-area\/monastery-lelic\/","title":{"rendered":"Monastery Lelic"},"content":{"rendered":"<p>Lelic monastery is located in the village of the same name near Valjevo (11 km). It is the endowment of Bishop Nikolaj and his father Dragomir Velimirovic.<\/p>\n<p>The church is a modest structure in wich the Morava style is permeated with new architectural solutions. It has a cruciform base with a dome over the central part of the church. It is built of stone, brick and travertine. In front of the church is a large bell tower with the church resident.<\/p>\n<p>The frescoes are based on the ideas of Bishop Nikolaj. This painting is unusual in the content and it contains the theological interpreations of Bishop Nikolaj. The scene of the Last Judgment dominates the interwoven biblical events. The iconostasis dates from the same time as the church.<\/p>\n<p>\u017divotopis je ura\u0111en po zamisli Vladike Nikolaja Velimirovi\u0107a. Crte\u017ei su neobi\u010dni i sadr\u017ee bogoslovsko tuma\u010denje Vladike Nikolaja. Scena Stra\u0161nog Suda dominira nad ostalim biblijskim doga\u0111ajima, a ikonostas poti\u010de iz istog vremena kao i sama crkva.<\/p>\n<p>On May 12, 1992, the earthly remains of Bishop Nikolaj were brought from the monastery of St. Sava in Libertyville, Illinois USA to the Lelic Church.<\/p>\n<p><img loading=\"lazy\" decoding=\"async\" src=\"https:\/\/www.divcibare.org.rs\/en\/wp-content\/uploads\/2014\/03\/manastir-lelic.jpg\" alt=\"monastery lelic\" width=\"700\" height=\"250\" class=\"aligncenter size-full wp-image-2590\" srcset=\"https:\/\/www.divcibare.org.rs\/en\/wp-content\/uploads\/2014\/03\/manastir-lelic.jpg 700w, https:\/\/www.divcibare.org.rs\/en\/wp-content\/uploads\/2014\/03\/manastir-lelic-300x107.jpg 300w\" sizes=\"(max-width: 700px) 100vw, 700px\" \/><\/p>\n<p>The churchyard has a chapel, the endowment of Bishop Nikolaj as well.<\/p>\n<p>In 1991 a museum was opened within the monastery complex dedicated to the memory of Bishop Nikolay ,one of the greatest minds among the bishops of the Serbian Orthodox Church.<\/p>\n<p>Bishop Nikolaj Velimirovic was a great educator, Doctor of Philosophy from Oxford, author of large numbers of religious and philosophical works.<\/p>\n<p>The monastery has an icon painting and woodcarving workshop.<\/p>\n","protected":false},"excerpt":{"rendered":"<p>Lelic monastery is located in the village of the same name near Valjevo (11 km). It is the endowment of Bishop Nikolaj and his father Dragomir Velimirovic. The church is a modest structure in wich the Morava style is permeated with new architectural solutions. It has a cruciform base with a dome over the central [&hellip;]<\/p>\n","protected":false},"author":1,"featured_media":0,"parent":2390,"menu_order":0,"comment_status":"open","ping_status":"open","template":"","meta":{"footnotes":""},"yoast_head":"<title>Monastery Lelic - Divcibare Portal Mountain Divcibare<\/title>\n<meta name=\"description\" content=\"Lelic monastery is located in the village of the same name near Valjevo (11 km). It is the endowment of Bishop Nikolaj and his father Dragomir\" \/>\n<meta name=\"robots\" content=\"index, follow, max-snippet:-1, max-image-preview:large, max-video-preview:-1\" \/>\n<link rel=\"canonical\" href=\"https:\/\/www.divcibare.org.rs\/en\/divcibare\/surrounding-area\/monastery-lelic\/\" \/>\n<meta property=\"og:locale\" content=\"en_US\" \/>\n<meta property=\"og:type\" content=\"article\" \/>\n<meta property=\"og:title\" content=\"Monastery Lelic - Divcibare Portal Mountain Divcibare\" \/>\n<meta property=\"og:description\" content=\"Lelic monastery is located in the village of the same name near Valjevo (11 km). It is the endowment of Bishop Nikolaj and his father Dragomir\" \/>\n<meta property=\"og:url\" content=\"https:\/\/www.divcibare.org.rs\/en\/divcibare\/surrounding-area\/monastery-lelic\/\" \/>\n<meta property=\"og:site_name\" content=\"Divcibare Portal Mountain Divcibare\" \/>\n<meta property=\"article:publisher\" content=\"https:\/\/www.facebook.com\/Divcibare.Smestaj\" \/>\n<meta property=\"article:modified_time\" content=\"2014-03-26T10:13:28+00:00\" \/>\n<meta property=\"og:image\" content=\"https:\/\/www.divcibare.org.rs\/en\/wp-content\/uploads\/2014\/03\/manastir-lelic.jpg\" \/>\n<meta name=\"twitter:card\" content=\"summary_large_image\" \/>\n<meta name=\"twitter:site\" content=\"@banjavrujci\" \/>\n<meta name=\"twitter:label1\" content=\"Est. reading time\" \/>\n\t<meta name=\"twitter:data1\" content=\"1 minute\" \/>\n<script type=\"application\/ld+json\" class=\"yoast-schema-graph\">{\"@context\":\"https:\/\/schema.org\",\"@graph\":[{\"@type\":\"WebPage\",\"@id\":\"https:\/\/www.divcibare.org.rs\/en\/divcibare\/surrounding-area\/monastery-lelic\/\",\"url\":\"https:\/\/www.divcibare.org.rs\/en\/divcibare\/surrounding-area\/monastery-lelic\/\",\"name\":\"Monastery Lelic - Divcibare Portal Mountain Divcibare\",\"isPartOf\":{\"@id\":\"https:\/\/www.divcibare.org.rs\/en\/#website\"},\"primaryImageOfPage\":{\"@id\":\"https:\/\/www.divcibare.org.rs\/en\/divcibare\/surrounding-area\/monastery-lelic\/#primaryimage\"},\"image\":{\"@id\":\"https:\/\/www.divcibare.org.rs\/en\/divcibare\/surrounding-area\/monastery-lelic\/#primaryimage\"},\"thumbnailUrl\":\"https:\/\/www.divcibare.org.rs\/en\/wp-content\/uploads\/2014\/03\/manastir-lelic.jpg\",\"datePublished\":\"2014-03-12T13:02:56+00:00\",\"dateModified\":\"2014-03-26T10:13:28+00:00\",\"description\":\"Lelic monastery is located in the village of the same name near Valjevo (11 km). It is the endowment of Bishop Nikolaj and his father Dragomir\",\"breadcrumb\":{\"@id\":\"https:\/\/www.divcibare.org.rs\/en\/divcibare\/surrounding-area\/monastery-lelic\/#breadcrumb\"},\"inLanguage\":\"en-US\",\"potentialAction\":[{\"@type\":\"ReadAction\",\"target\":[\"https:\/\/www.divcibare.org.rs\/en\/divcibare\/surrounding-area\/monastery-lelic\/\"]}]},{\"@type\":\"ImageObject\",\"inLanguage\":\"en-US\",\"@id\":\"https:\/\/www.divcibare.org.rs\/en\/divcibare\/surrounding-area\/monastery-lelic\/#primaryimage\",\"url\":\"https:\/\/www.divcibare.org.rs\/en\/wp-content\/uploads\/2014\/03\/manastir-lelic.jpg\",\"contentUrl\":\"https:\/\/www.divcibare.org.rs\/en\/wp-content\/uploads\/2014\/03\/manastir-lelic.jpg\",\"width\":700,\"height\":250},{\"@type\":\"BreadcrumbList\",\"@id\":\"https:\/\/www.divcibare.org.rs\/en\/divcibare\/surrounding-area\/monastery-lelic\/#breadcrumb\",\"itemListElement\":[{\"@type\":\"ListItem\",\"position\":1,\"name\":\"Divcibare\",\"item\":\"https:\/\/www.divcibare.org.rs\/en\/\"},{\"@type\":\"ListItem\",\"position\":2,\"name\":\"Divcibare Mountain\",\"item\":\"https:\/\/www.divcibare.org.rs\/en\/divcibare\/\"},{\"@type\":\"ListItem\",\"position\":3,\"name\":\"Surrounding Area\",\"item\":\"https:\/\/www.divcibare.org.rs\/en\/divcibare\/surrounding-area\/\"},{\"@type\":\"ListItem\",\"position\":4,\"name\":\"Monastery Lelic\"}]},{\"@type\":\"WebSite\",\"@id\":\"https:\/\/www.divcibare.org.rs\/en\/#website\",\"url\":\"https:\/\/www.divcibare.org.rs\/en\/\",\"name\":\"Divcibare Portal Mountain Divcibare\",\"description\":\"\",\"potentialAction\":[{\"@type\":\"SearchAction\",\"target\":{\"@type\":\"EntryPoint\",\"urlTemplate\":\"https:\/\/www.divcibare.org.rs\/en\/?s={search_term_string}\"},\"query-input\":{\"@type\":\"PropertyValueSpecification\",\"valueRequired\":true,\"valueName\":\"search_term_string\"}}],\"inLanguage\":\"en-US\"}]}<\/script>","yoast_head_json":{"title":"Monastery Lelic - Divcibare Portal Mountain Divcibare","description":"Lelic monastery is located in the village of the same name near Valjevo (11 km). It is the endowment of Bishop Nikolaj and his father Dragomir","robots":{"index":"index","follow":"follow","max-snippet":"max-snippet:-1","max-image-preview":"max-image-preview:large","max-video-preview":"max-video-preview:-1"},"canonical":"https:\/\/www.divcibare.org.rs\/en\/divcibare\/surrounding-area\/monastery-lelic\/","og_locale":"en_US","og_type":"article","og_title":"Monastery Lelic - Divcibare Portal Mountain Divcibare","og_description":"Lelic monastery is located in the village of the same name near Valjevo (11 km). It is the endowment of Bishop Nikolaj and his father Dragomir","og_url":"https:\/\/www.divcibare.org.rs\/en\/divcibare\/surrounding-area\/monastery-lelic\/","og_site_name":"Divcibare Portal Mountain Divcibare","article_publisher":"https:\/\/www.facebook.com\/Divcibare.Smestaj","article_modified_time":"2014-03-26T10:13:28+00:00","og_image":[{"url":"https:\/\/www.divcibare.org.rs\/en\/wp-content\/uploads\/2014\/03\/manastir-lelic.jpg"}],"twitter_card":"summary_large_image","twitter_site":"@banjavrujci","twitter_misc":{"Est. reading time":"1 minute"},"schema":{"@context":"https:\/\/schema.org","@graph":[{"@type":"WebPage","@id":"https:\/\/www.divcibare.org.rs\/en\/divcibare\/surrounding-area\/monastery-lelic\/","url":"https:\/\/www.divcibare.org.rs\/en\/divcibare\/surrounding-area\/monastery-lelic\/","name":"Monastery Lelic - Divcibare Portal Mountain Divcibare","isPartOf":{"@id":"https:\/\/www.divcibare.org.rs\/en\/#website"},"primaryImageOfPage":{"@id":"https:\/\/www.divcibare.org.rs\/en\/divcibare\/surrounding-area\/monastery-lelic\/#primaryimage"},"image":{"@id":"https:\/\/www.divcibare.org.rs\/en\/divcibare\/surrounding-area\/monastery-lelic\/#primaryimage"},"thumbnailUrl":"https:\/\/www.divcibare.org.rs\/en\/wp-content\/uploads\/2014\/03\/manastir-lelic.jpg","datePublished":"2014-03-12T13:02:56+00:00","dateModified":"2014-03-26T10:13:28+00:00","description":"Lelic monastery is located in the village of the same name near Valjevo (11 km). It is the endowment of Bishop Nikolaj and his father Dragomir","breadcrumb":{"@id":"https:\/\/www.divcibare.org.rs\/en\/divcibare\/surrounding-area\/monastery-lelic\/#breadcrumb"},"inLanguage":"en-US","potentialAction":[{"@type":"ReadAction","target":["https:\/\/www.divcibare.org.rs\/en\/divcibare\/surrounding-area\/monastery-lelic\/"]}]},{"@type":"ImageObject","inLanguage":"en-US","@id":"https:\/\/www.divcibare.org.rs\/en\/divcibare\/surrounding-area\/monastery-lelic\/#primaryimage","url":"https:\/\/www.divcibare.org.rs\/en\/wp-content\/uploads\/2014\/03\/manastir-lelic.jpg","contentUrl":"https:\/\/www.divcibare.org.rs\/en\/wp-content\/uploads\/2014\/03\/manastir-lelic.jpg","width":700,"height":250},{"@type":"BreadcrumbList","@id":"https:\/\/www.divcibare.org.rs\/en\/divcibare\/surrounding-area\/monastery-lelic\/#breadcrumb","itemListElement":[{"@type":"ListItem","position":1,"name":"Divcibare","item":"https:\/\/www.divcibare.org.rs\/en\/"},{"@type":"ListItem","position":2,"name":"Divcibare Mountain","item":"https:\/\/www.divcibare.org.rs\/en\/divcibare\/"},{"@type":"ListItem","position":3,"name":"Surrounding Area","item":"https:\/\/www.divcibare.org.rs\/en\/divcibare\/surrounding-area\/"},{"@type":"ListItem","position":4,"name":"Monastery Lelic"}]},{"@type":"WebSite","@id":"https:\/\/www.divcibare.org.rs\/en\/#website","url":"https:\/\/www.divcibare.org.rs\/en\/","name":"Divcibare Portal Mountain Divcibare","description":"","potentialAction":[{"@type":"SearchAction","target":{"@type":"EntryPoint","urlTemplate":"https:\/\/www.divcibare.org.rs\/en\/?s={search_term_string}"},"query-input":{"@type":"PropertyValueSpecification","valueRequired":true,"valueName":"search_term_string"}}],"inLanguage":"en-US"}]}},"_links":{"self":[{"href":"https:\/\/www.divcibare.org.rs\/en\/wp-json\/wp\/v2\/pages\/2411"}],"collection":[{"href":"https:\/\/www.divcibare.org.rs\/en\/wp-json\/wp\/v2\/pages"}],"about":[{"href":"https:\/\/www.divcibare.org.rs\/en\/wp-json\/wp\/v2\/types\/page"}],"author":[{"embeddable":true,"href":"https:\/\/www.divcibare.org.rs\/en\/wp-json\/wp\/v2\/users\/1"}],"replies":[{"embeddable":true,"href":"https:\/\/www.divcibare.org.rs\/en\/wp-json\/wp\/v2\/comments?post=2411"}],"version-history":[{"count":0,"href":"https:\/\/www.divcibare.org.rs\/en\/wp-json\/wp\/v2\/pages\/2411\/revisions"}],"up":[{"embeddable":true,"href":"https:\/\/www.divcibare.org.rs\/en\/wp-json\/wp\/v2\/pages\/2390"}],"wp:attachment":[{"href":"https:\/\/www.divcibare.org.rs\/en\/wp-json\/wp\/v2\/media?parent=2411"}],"curies":[{"name":"wp","href":"https:\/\/api.w.org\/{rel}","templated":true}]}}